{"id":766,"date":"2019-12-03T01:30:20","date_gmt":"2019-12-03T01:30:20","guid":{"rendered":"http:\/\/zhenclubdeplaya.com.ar\/?page_id=766"},"modified":"2023-10-07T20:28:06","modified_gmt":"2023-10-07T23:28:06","slug":"servicios","status":"publish","type":"page","link":"https:\/\/zhenclubdeplaya.com.ar\/?page_id=766","title":{"rendered":"Servicios"},"content":{"rendered":"\t\t<div data-elementor-type=\"wp-page\" data-elementor-id=\"766\" class=\"elementor elementor-766\">\n\t\t\t\t\t\t<div class=\"elementor-inner\">\n\t\t\t\t<div class=\"elementor-section-wrap\">\n\t\t\t\t\t\t\t\t\t<section class=\"elementor-section elementor-top-section elementor-element elementor-element-64a688dd elementor-section-content-bottom elementor-section-boxed elementor-section-height-default elementor-section-height-default\" data-id=\"64a688dd\" data-element_type=\"section\" data-settings=\"{&quot;background_background&quot;:&quot;classic&quot;}\">\n\t\t\t\t\t\t<div class=\"elementor-container elementor-column-gap-default\">\n\t\t\t\t\t\t\t<div class=\"elementor-row\">\n\t\t\t\t\t<div class=\"elementor-column elementor-col-100 elementor-top-column elementor-element elementor-element-f3b5e95\" data-id=\"f3b5e95\" data-element_type=\"column\">\n\t\t\t<div class=\"elementor-column-wrap\">\n\t\t\t\t\t\t\t<div class=\"elementor-widget-wrap\">\n\t\t\t\t\t\t\t\t<\/div>\n\t\t\t\t\t<\/div>\n\t\t<\/div>\n\t\t\t\t\t\t\t\t<\/div>\n\t\t\t\t\t<\/div>\n\t\t<\/section>\n\t\t\t\t<section class=\"elementor-section elementor-top-section elementor-element elementor-element-370e7ea3 elementor-section-content-middle elementor-section-boxed elementor-section-height-default elementor-section-height-default\" data-id=\"370e7ea3\" data-element_type=\"section\" data-settings=\"{&quot;background_background&quot;:&quot;slideshow&quot;,&quot;background_slideshow_gallery&quot;:[],&quot;background_slideshow_loop&quot;:&quot;yes&quot;,&quot;background_slideshow_slide_duration&quot;:5000,&quot;background_slideshow_slide_transition&quot;:&quot;fade&quot;,&quot;background_slideshow_transition_duration&quot;:500}\">\n\t\t\t\t\t\t<div class=\"elementor-container elementor-column-gap-no\">\n\t\t\t\t\t\t\t<div class=\"elementor-row\">\n\t\t\t\t\t<div class=\"elementor-column elementor-col-50 elementor-top-column elementor-element elementor-element-71755b64\" data-id=\"71755b64\" data-element_type=\"column\">\n\t\t\t<div class=\"elementor-column-wrap elementor-element-populated\">\n\t\t\t\t\t\t\t<div class=\"elementor-widget-wrap\">\n\t\t\t\t\t\t<div class=\"elementor-element elementor-element-51cf6386 elementor-widget elementor-widget-heading\" data-id=\"51cf6386\" data-element_type=\"widget\" data-widget_type=\"heading.default\">\n\t\t\t\t<div class=\"elementor-widget-container\">\n\t\t\t<h4 class=\"elementor-heading-title elementor-size-default\">Actividades Recreativas<\/h4>\t\t<\/div>\n\t\t\t\t<\/div>\n\t\t\t\t<div class=\"elementor-element elementor-element-5b0893ac elementor-widget elementor-widget-text-editor\" data-id=\"5b0893ac\" data-element_type=\"widget\" data-widget_type=\"text-editor.default\">\n\t\t\t\t<div class=\"elementor-widget-container\">\n\t\t\t\t\t\t\t\t<div class=\"elementor-text-editor elementor-clearfix\">\n\t\t\t\t<p><strong>Playroom <\/strong><br \/><strong>Cancha de beach voley, <\/strong><br \/><strong>Gimnasia en la playa <\/strong><br \/><strong>Actividades deportivas y recreativas para la familia <\/strong><br \/><strong>Clases de yoga y meditacion <\/strong><br \/><strong>Talleres de arte <\/strong><br \/><strong>Actividades para dias de lluvia <\/strong><br \/><strong>Biblioteca<\/strong><\/p>\t\t\t\t\t<\/div>\n\t\t\t\t\t\t<\/div>\n\t\t\t\t<\/div>\n\t\t\t\t\t\t<\/div>\n\t\t\t\t\t<\/div>\n\t\t<\/div>\n\t\t\t\t<div class=\"elementor-column elementor-col-50 elementor-top-column elementor-element elementor-element-6f1d6be2\" data-id=\"6f1d6be2\" data-element_type=\"column\">\n\t\t\t<div class=\"elementor-column-wrap elementor-element-populated\">\n\t\t\t\t\t\t\t<div class=\"elementor-widget-wrap\">\n\t\t\t\t\t\t\t\t<\/div>\n\t\t\t\t\t<\/div>\n\t\t<\/div>\n\t\t\t\t\t\t\t\t<\/div>\n\t\t\t\t\t<\/div>\n\t\t<\/section>\n\t\t\t\t<section class=\"elementor-section elementor-top-section elementor-element elementor-element-848c2a1 elementor-section-content-middle elementor-section-boxed elementor-section-height-default elementor-section-height-default\" data-id=\"848c2a1\" data-element_type=\"section\">\n\t\t\t\t\t\t<div class=\"elementor-container elementor-column-gap-no\">\n\t\t\t\t\t\t\t<div class=\"elementor-row\">\n\t\t\t\t\t<div class=\"elementor-column elementor-col-100 elementor-top-column elementor-element elementor-element-6bb9258b\" data-id=\"6bb9258b\" data-element_type=\"column\">\n\t\t\t<div class=\"elementor-column-wrap elementor-element-populated\">\n\t\t\t\t\t\t\t<div class=\"elementor-widget-wrap\">\n\t\t\t\t\t\t<div class=\"elementor-element elementor-element-a562811 elementor-widget elementor-widget-heading\" data-id=\"a562811\" data-element_type=\"widget\" data-widget_type=\"heading.default\">\n\t\t\t\t<div class=\"elementor-widget-container\">\n\t\t\t<h4 class=\"elementor-heading-title elementor-size-default\">Nuestros servicios \/ Actividades\nTelefono +54 9 2246-438139<\/h4>\t\t<\/div>\n\t\t\t\t<\/div>\n\t\t\t\t<section class=\"elementor-section elementor-inner-section elementor-element elementor-element-792eff68 elementor-section-boxed elementor-section-height-default elementor-section-height-default\" data-id=\"792eff68\" data-element_type=\"section\">\n\t\t\t\t\t\t\t<div class=\"elementor-background-overlay\"><\/div>\n\t\t\t\t\t\t\t<div class=\"elementor-container elementor-column-gap-wider\">\n\t\t\t\t\t\t\t<div class=\"elementor-row\">\n\t\t\t\t\t<div class=\"elementor-column elementor-col-33 elementor-inner-column elementor-element elementor-element-59b03d80\" data-id=\"59b03d80\" data-element_type=\"column\">\n\t\t\t<div class=\"elementor-column-wrap elementor-element-populated\">\n\t\t\t\t\t\t\t<div class=\"elementor-widget-wrap\">\n\t\t\t\t\t\t<div class=\"elementor-element elementor-element-3f5ed2e8 elementor-widget elementor-widget-heading\" data-id=\"3f5ed2e8\" data-element_type=\"widget\" data-widget_type=\"heading.default\">\n\t\t\t\t<div class=\"elementor-widget-container\">\n\t\t\t<h2 class=\"elementor-heading-title elementor-size-default\">Platos Gourmet<\/h2>\t\t<\/div>\n\t\t\t\t<\/div>\n\t\t\t\t<div class=\"elementor-element elementor-element-67002656 elementor-widget elementor-widget-text-editor\" data-id=\"67002656\" data-element_type=\"widget\" data-widget_type=\"text-editor.default\">\n\t\t\t\t<div class=\"elementor-widget-container\">\n\t\t\t\t\t\t\t\t<div class=\"elementor-text-editor elementor-clearfix\">\n\t\t\t\t<p>I am text block. Click edit button to change this text.\u00a0<\/p>\t\t\t\t\t<\/div>\n\t\t\t\t\t\t<\/div>\n\t\t\t\t<\/div>\n\t\t\t\t<div class=\"elementor-element elementor-element-df2d5f0 elementor-widget elementor-widget-image\" data-id=\"df2d5f0\" data-element_type=\"widget\" data-widget_type=\"image.default\">\n\t\t\t\t<div class=\"elementor-widget-container\">\n\t\t\t\t\t\t\t\t<div class=\"elementor-image\">\n\t\t\t\t\t\t\t\t\t\t\t\t<img loading=\"lazy\" decoding=\"async\" width=\"1024\" height=\"768\" src=\"https:\/\/zhenclubdeplaya.com.ar\/wp-content\/uploads\/2020\/01\/Zhen-Foto15-1024x768.jpeg\" class=\"attachment-large size-large wp-image-1218\" alt=\"\" srcset=\"https:\/\/zhenclubdeplaya.com.ar\/wp-content\/uploads\/2020\/01\/Zhen-Foto15-1024x768.jpeg 1024w, https:\/\/zhenclubdeplaya.com.ar\/wp-content\/uploads\/2020\/01\/Zhen-Foto15-300x225.jpeg 300w, https:\/\/zhenclubdeplaya.com.ar\/wp-content\/uploads\/2020\/01\/Zhen-Foto15-768x576.jpeg 768w, https:\/\/zhenclubdeplaya.com.ar\/wp-content\/uploads\/2020\/01\/Zhen-Foto15.jpeg 1032w\" sizes=\"auto, (max-width: 1024px) 100vw, 1024px\" \/>\t\t\t\t\t\t\t\t\t\t\t\t\t\t<\/div>\n\t\t\t\t\t\t<\/div>\n\t\t\t\t<\/div>\n\t\t\t\t\t\t<\/div>\n\t\t\t\t\t<\/div>\n\t\t<\/div>\n\t\t\t\t<div class=\"elementor-column elementor-col-33 elementor-inner-column elementor-element elementor-element-71d69326\" data-id=\"71d69326\" data-element_type=\"column\">\n\t\t\t<div class=\"elementor-column-wrap elementor-element-populated\">\n\t\t\t\t\t\t\t<div class=\"elementor-widget-wrap\">\n\t\t\t\t\t\t<div class=\"elementor-element elementor-element-2cf79a elementor-widget elementor-widget-heading\" data-id=\"2cf79a\" data-element_type=\"widget\" data-widget_type=\"heading.default\">\n\t\t\t\t<div class=\"elementor-widget-container\">\n\t\t\t<h2 class=\"elementor-heading-title elementor-size-default\">Platos Gourmet<\/h2>\t\t<\/div>\n\t\t\t\t<\/div>\n\t\t\t\t<div class=\"elementor-element elementor-element-17013dd elementor-widget elementor-widget-text-editor\" data-id=\"17013dd\" data-element_type=\"widget\" data-widget_type=\"text-editor.default\">\n\t\t\t\t<div class=\"elementor-widget-container\">\n\t\t\t\t\t\t\t\t<div class=\"elementor-text-editor elementor-clearfix\">\n\t\t\t\t<p>I am text block. Click edit button to change this text.\u00a0<\/p>\t\t\t\t\t<\/div>\n\t\t\t\t\t\t<\/div>\n\t\t\t\t<\/div>\n\t\t\t\t<div class=\"elementor-element elementor-element-feadaaa elementor-widget elementor-widget-image\" data-id=\"feadaaa\" data-element_type=\"widget\" data-widget_type=\"image.default\">\n\t\t\t\t<div class=\"elementor-widget-container\">\n\t\t\t\t\t\t\t\t<div class=\"elementor-image\">\n\t\t\t\t\t\t\t\t\t\t\t\t<img loading=\"lazy\" decoding=\"async\" width=\"1024\" height=\"576\" src=\"https:\/\/zhenclubdeplaya.com.ar\/wp-content\/uploads\/2020\/01\/Zhen-Foto9-1024x576.jpeg\" class=\"attachment-large size-large wp-image-1212\" alt=\"\" srcset=\"https:\/\/zhenclubdeplaya.com.ar\/wp-content\/uploads\/2020\/01\/Zhen-Foto9-1024x576.jpeg 1024w, https:\/\/zhenclubdeplaya.com.ar\/wp-content\/uploads\/2020\/01\/Zhen-Foto9-300x169.jpeg 300w, https:\/\/zhenclubdeplaya.com.ar\/wp-content\/uploads\/2020\/01\/Zhen-Foto9-768x432.jpeg 768w, https:\/\/zhenclubdeplaya.com.ar\/wp-content\/uploads\/2020\/01\/Zhen-Foto9.jpeg 1032w\" sizes=\"auto, (max-width: 1024px) 100vw, 1024px\" \/>\t\t\t\t\t\t\t\t\t\t\t\t\t\t<\/div>\n\t\t\t\t\t\t<\/div>\n\t\t\t\t<\/div>\n\t\t\t\t\t\t<\/div>\n\t\t\t\t\t<\/div>\n\t\t<\/div>\n\t\t\t\t<div class=\"elementor-column elementor-col-33 elementor-inner-column elementor-element elementor-element-687708e6\" data-id=\"687708e6\" data-element_type=\"column\">\n\t\t\t<div class=\"elementor-column-wrap elementor-element-populated\">\n\t\t\t\t\t\t\t<div class=\"elementor-widget-wrap\">\n\t\t\t\t\t\t<div class=\"elementor-element elementor-element-45a92ae6 elementor-widget elementor-widget-heading\" data-id=\"45a92ae6\" data-element_type=\"widget\" data-widget_type=\"heading.default\">\n\t\t\t\t<div class=\"elementor-widget-container\">\n\t\t\t<h2 class=\"elementor-heading-title elementor-size-default\">Platos Gourmet<\/h2>\t\t<\/div>\n\t\t\t\t<\/div>\n\t\t\t\t<div class=\"elementor-element elementor-element-63eccf0d elementor-widget elementor-widget-text-editor\" data-id=\"63eccf0d\" data-element_type=\"widget\" data-widget_type=\"text-editor.default\">\n\t\t\t\t<div class=\"elementor-widget-container\">\n\t\t\t\t\t\t\t\t<div class=\"elementor-text-editor elementor-clearfix\">\n\t\t\t\t<p>I am text block. Click edit button to change this text.\u00a0<\/p>\t\t\t\t\t<\/div>\n\t\t\t\t\t\t<\/div>\n\t\t\t\t<\/div>\n\t\t\t\t<div class=\"elementor-element elementor-element-1694f2e elementor-widget elementor-widget-image\" data-id=\"1694f2e\" data-element_type=\"widget\" data-widget_type=\"image.default\">\n\t\t\t\t<div class=\"elementor-widget-container\">\n\t\t\t\t\t\t\t\t<div class=\"elementor-image\">\n\t\t\t\t\t\t\t\t\t\t\t\t<img loading=\"lazy\" decoding=\"async\" width=\"1024\" height=\"576\" src=\"https:\/\/zhenclubdeplaya.com.ar\/wp-content\/uploads\/2020\/01\/Zhen-Foto8-1024x576.jpeg\" class=\"attachment-large size-large wp-image-1211\" alt=\"\" srcset=\"https:\/\/zhenclubdeplaya.com.ar\/wp-content\/uploads\/2020\/01\/Zhen-Foto8-1024x576.jpeg 1024w, https:\/\/zhenclubdeplaya.com.ar\/wp-content\/uploads\/2020\/01\/Zhen-Foto8-300x169.jpeg 300w, https:\/\/zhenclubdeplaya.com.ar\/wp-content\/uploads\/2020\/01\/Zhen-Foto8-768x432.jpeg 768w, https:\/\/zhenclubdeplaya.com.ar\/wp-content\/uploads\/2020\/01\/Zhen-Foto8.jpeg 1032w\" sizes=\"auto, (max-width: 1024px) 100vw, 1024px\" \/>\t\t\t\t\t\t\t\t\t\t\t\t\t\t<\/div>\n\t\t\t\t\t\t<\/div>\n\t\t\t\t<\/div>\n\t\t\t\t\t\t<\/div>\n\t\t\t\t\t<\/div>\n\t\t<\/div>\n\t\t\t\t\t\t\t\t<\/div>\n\t\t\t\t\t<\/div>\n\t\t<\/section>\n\t\t\t\t<section class=\"elementor-section elementor-inner-section elementor-element elementor-element-d2e660a elementor-section-boxed elementor-section-height-default elementor-section-height-default\" data-id=\"d2e660a\" data-element_type=\"section\">\n\t\t\t\t\t\t<div class=\"elementor-container elementor-column-gap-wider\">\n\t\t\t\t\t\t\t<div class=\"elementor-row\">\n\t\t\t\t\t<div class=\"elementor-column elementor-col-33 elementor-inner-column elementor-element elementor-element-6557f278\" data-id=\"6557f278\" data-element_type=\"column\">\n\t\t\t<div class=\"elementor-column-wrap elementor-element-populated\">\n\t\t\t\t\t\t\t<div class=\"elementor-widget-wrap\">\n\t\t\t\t\t\t<div class=\"elementor-element elementor-element-6056b7e3 elementor-widget elementor-widget-heading\" data-id=\"6056b7e3\" data-element_type=\"widget\" data-widget_type=\"heading.default\">\n\t\t\t\t<div class=\"elementor-widget-container\">\n\t\t\t<h2 class=\"elementor-heading-title elementor-size-default\"><span style=\"font-family: &quot;Open Sans&quot;, sans-serif; font-size: 26px; font-style: normal; font-variant-ligatures: normal; font-variant-caps: normal; font-weight: 600;\">Platos Gourmet<\/span><\/h2>\t\t<\/div>\n\t\t\t\t<\/div>\n\t\t\t\t<div class=\"elementor-element elementor-element-522c05d6 elementor-widget elementor-widget-text-editor\" data-id=\"522c05d6\" data-element_type=\"widget\" data-widget_type=\"text-editor.default\">\n\t\t\t\t<div class=\"elementor-widget-container\">\n\t\t\t\t\t\t\t\t<div class=\"elementor-text-editor elementor-clearfix\">\n\t\t\t\t<p>I am text block. Click edit button to change this text.\u00a0<\/p>\t\t\t\t\t<\/div>\n\t\t\t\t\t\t<\/div>\n\t\t\t\t<\/div>\n\t\t\t\t<div class=\"elementor-element elementor-element-7e97bcd elementor-widget elementor-widget-image\" data-id=\"7e97bcd\" data-element_type=\"widget\" data-widget_type=\"image.default\">\n\t\t\t\t<div class=\"elementor-widget-container\">\n\t\t\t\t\t\t\t\t<div class=\"elementor-image\">\n\t\t\t\t\t\t\t\t\t\t\t\t<img loading=\"lazy\" decoding=\"async\" width=\"1024\" height=\"576\" src=\"https:\/\/zhenclubdeplaya.com.ar\/wp-content\/uploads\/2020\/01\/Zhen-Foto4-1024x576.jpeg\" class=\"attachment-large size-large wp-image-1207\" alt=\"\" srcset=\"https:\/\/zhenclubdeplaya.com.ar\/wp-content\/uploads\/2020\/01\/Zhen-Foto4-1024x576.jpeg 1024w, https:\/\/zhenclubdeplaya.com.ar\/wp-content\/uploads\/2020\/01\/Zhen-Foto4-300x169.jpeg 300w, https:\/\/zhenclubdeplaya.com.ar\/wp-content\/uploads\/2020\/01\/Zhen-Foto4-768x432.jpeg 768w, https:\/\/zhenclubdeplaya.com.ar\/wp-content\/uploads\/2020\/01\/Zhen-Foto4.jpeg 1032w\" sizes=\"auto, (max-width: 1024px) 100vw, 1024px\" \/>\t\t\t\t\t\t\t\t\t\t\t\t\t\t<\/div>\n\t\t\t\t\t\t<\/div>\n\t\t\t\t<\/div>\n\t\t\t\t\t\t<\/div>\n\t\t\t\t\t<\/div>\n\t\t<\/div>\n\t\t\t\t<div class=\"elementor-column elementor-col-33 elementor-inner-column elementor-element elementor-element-6edcf78d\" data-id=\"6edcf78d\" data-element_type=\"column\">\n\t\t\t<div class=\"elementor-column-wrap elementor-element-populated\">\n\t\t\t\t\t\t\t<div class=\"elementor-widget-wrap\">\n\t\t\t\t\t\t<div class=\"elementor-element elementor-element-59787a99 elementor-widget elementor-widget-heading\" data-id=\"59787a99\" data-element_type=\"widget\" data-widget_type=\"heading.default\">\n\t\t\t\t<div class=\"elementor-widget-container\">\n\t\t\t<h2 class=\"elementor-heading-title elementor-size-default\"><span style=\"font-family: &quot;Open Sans&quot;, sans-serif; font-size: 26px; font-style: normal; font-variant-ligatures: normal; font-variant-caps: normal; font-weight: 600;\">Platos Gourmet<\/span><\/h2>\t\t<\/div>\n\t\t\t\t<\/div>\n\t\t\t\t<div class=\"elementor-element elementor-element-59c342d1 elementor-widget elementor-widget-text-editor\" data-id=\"59c342d1\" data-element_type=\"widget\" data-widget_type=\"text-editor.default\">\n\t\t\t\t<div class=\"elementor-widget-container\">\n\t\t\t\t\t\t\t\t<div class=\"elementor-text-editor elementor-clearfix\">\n\t\t\t\t<p>I am text block. Click edit button to change this text.\u00a0<\/p>\t\t\t\t\t<\/div>\n\t\t\t\t\t\t<\/div>\n\t\t\t\t<\/div>\n\t\t\t\t<div class=\"elementor-element elementor-element-13e14ff elementor-widget elementor-widget-image\" data-id=\"13e14ff\" data-element_type=\"widget\" data-widget_type=\"image.default\">\n\t\t\t\t<div class=\"elementor-widget-container\">\n\t\t\t\t\t\t\t\t<div class=\"elementor-image\">\n\t\t\t\t\t\t\t\t\t\t\t\t<img loading=\"lazy\" decoding=\"async\" width=\"441\" height=\"197\" src=\"https:\/\/zhenclubdeplaya.com.ar\/wp-content\/uploads\/2019\/12\/Zhen-png-pagina-chiquito-1.png\" class=\"attachment-large size-large wp-image-999\" alt=\"\" srcset=\"https:\/\/zhenclubdeplaya.com.ar\/wp-content\/uploads\/2019\/12\/Zhen-png-pagina-chiquito-1.png 441w, https:\/\/zhenclubdeplaya.com.ar\/wp-content\/uploads\/2019\/12\/Zhen-png-pagina-chiquito-1-300x134.png 300w\" sizes=\"auto, (max-width: 441px) 100vw, 441px\" \/>\t\t\t\t\t\t\t\t\t\t\t\t\t\t<\/div>\n\t\t\t\t\t\t<\/div>\n\t\t\t\t<\/div>\n\t\t\t\t\t\t<\/div>\n\t\t\t\t\t<\/div>\n\t\t<\/div>\n\t\t\t\t<div class=\"elementor-column elementor-col-33 elementor-inner-column elementor-element elementor-element-3403a4fd\" data-id=\"3403a4fd\" data-element_type=\"column\">\n\t\t\t<div class=\"elementor-column-wrap elementor-element-populated\">\n\t\t\t\t\t\t\t<div class=\"elementor-widget-wrap\">\n\t\t\t\t\t\t<div class=\"elementor-element elementor-element-6776c942 elementor-widget elementor-widget-heading\" data-id=\"6776c942\" data-element_type=\"widget\" data-widget_type=\"heading.default\">\n\t\t\t\t<div class=\"elementor-widget-container\">\n\t\t\t<h2 class=\"elementor-heading-title elementor-size-default\">Cafeteria y Tortas<\/h2>\t\t<\/div>\n\t\t\t\t<\/div>\n\t\t\t\t<div class=\"elementor-element elementor-element-12269485 elementor-widget elementor-widget-text-editor\" data-id=\"12269485\" data-element_type=\"widget\" data-widget_type=\"text-editor.default\">\n\t\t\t\t<div class=\"elementor-widget-container\">\n\t\t\t\t\t\t\t\t<div class=\"elementor-text-editor elementor-clearfix\">\n\t\t\t\t<p>I am text block. Click edit button to change this text.\u00a0<\/p>\t\t\t\t\t<\/div>\n\t\t\t\t\t\t<\/div>\n\t\t\t\t<\/div>\n\t\t\t\t<div class=\"elementor-element elementor-element-c0e44d8 elementor-widget elementor-widget-image\" data-id=\"c0e44d8\" data-element_type=\"widget\" data-widget_type=\"image.default\">\n\t\t\t\t<div class=\"elementor-widget-container\">\n\t\t\t\t\t\t\t\t<div class=\"elementor-image\">\n\t\t\t\t\t\t\t\t\t\t\t\t<img loading=\"lazy\" decoding=\"async\" width=\"1024\" height=\"768\" src=\"https:\/\/zhenclubdeplaya.com.ar\/wp-content\/uploads\/2020\/01\/Zhen-Foto16-1024x768.jpeg\" class=\"attachment-large size-large wp-image-1219\" alt=\"\" srcset=\"https:\/\/zhenclubdeplaya.com.ar\/wp-content\/uploads\/2020\/01\/Zhen-Foto16-1024x768.jpeg 1024w, https:\/\/zhenclubdeplaya.com.ar\/wp-content\/uploads\/2020\/01\/Zhen-Foto16-300x225.jpeg 300w, https:\/\/zhenclubdeplaya.com.ar\/wp-content\/uploads\/2020\/01\/Zhen-Foto16-768x576.jpeg 768w, https:\/\/zhenclubdeplaya.com.ar\/wp-content\/uploads\/2020\/01\/Zhen-Foto16.jpeg 1280w\" sizes=\"auto, (max-width: 1024px) 100vw, 1024px\" \/>\t\t\t\t\t\t\t\t\t\t\t\t\t\t<\/div>\n\t\t\t\t\t\t<\/div>\n\t\t\t\t<\/div>\n\t\t\t\t\t\t<\/div>\n\t\t\t\t\t<\/div>\n\t\t<\/div>\n\t\t\t\t\t\t\t\t<\/div>\n\t\t\t\t\t<\/div>\n\t\t<\/section>\n\t\t\t\t\t\t<\/div>\n\t\t\t\t\t<\/div>\n\t\t<\/div>\n\t\t\t\t\t\t\t\t<\/div>\n\t\t\t\t\t<\/div>\n\t\t<\/section>\n\t\t\t\t<section class=\"elementor-section elementor-top-section elementor-element elementor-element-ac50c0c elementor-section-boxed elementor-section-height-default elementor-section-height-default elementor-invisible\" data-id=\"ac50c0c\" data-element_type=\"section\" data-settings=\"{&quot;animation&quot;:&quot;bounceInLeft&quot;}\">\n\t\t\t\t\t\t<div class=\"elementor-container elementor-column-gap-default\">\n\t\t\t\t\t\t\t<div class=\"elementor-row\">\n\t\t\t\t\t<div class=\"elementor-column elementor-col-100 elementor-top-column elementor-element elementor-element-0c17f51\" data-id=\"0c17f51\" data-element_type=\"column\">\n\t\t\t<div class=\"elementor-column-wrap elementor-element-populated\">\n\t\t\t\t\t\t\t<div class=\"elementor-widget-wrap\">\n\t\t\t\t\t\t<div class=\"elementor-element elementor-element-ab0e052 elementor-icon-list--layout-traditional elementor-list-item-link-full_width elementor-widget elementor-widget-icon-list\" data-id=\"ab0e052\" data-element_type=\"widget\" data-widget_type=\"icon-list.default\">\n\t\t\t\t<div class=\"elementor-widget-container\">\n\t\t\t\t\t<ul class=\"elementor-icon-list-items\">\n\t\t\t\t\t\t\t<li class=\"elementor-icon-list-item\">\n\t\t\t\t\t\t\t\t\t\t\t<span class=\"elementor-icon-list-icon\">\n\t\t\t\t\t\t\t<i aria-hidden=\"true\" class=\"fas fa-check\"><\/i>\t\t\t\t\t\t<\/span>\n\t\t\t\t\t\t\t\t\t\t<span class=\"elementor-icon-list-text\">Ofrecemos una propuesta gastron\u00f3mica completa desde el desayuno hasta la cena (vegetarianas y veganas). <\/span>\n\t\t\t\t\t\t\t\t\t<\/li>\n\t\t\t\t\t\t\t\t<li class=\"elementor-icon-list-item\">\n\t\t\t\t\t\t\t\t\t\t\t<span class=\"elementor-icon-list-icon\">\n\t\t\t\t\t\t\t<i aria-hidden=\"true\" class=\"fas fa-thumbs-up\"><\/i>\t\t\t\t\t\t<\/span>\n\t\t\t\t\t\t\t\t\t\t<span class=\"elementor-icon-list-text\">Para comer frente al mar y en la playa Zhen posee men\u00fa r\u00e1pidos, frescos, platos elaborados y t\u00edpicos de nuestra costa preparados en el momento con variedad de opciones veganas y sin tacc. <\/span>\n\t\t\t\t\t\t\t\t\t<\/li>\n\t\t\t\t\t\t\t\t<li class=\"elementor-icon-list-item\">\n\t\t\t\t\t\t\t\t\t\t\t<span class=\"elementor-icon-list-icon\">\n\t\t\t\t\t\t\t<i aria-hidden=\"true\" class=\"fas fa-glass-martini\"><\/i>\t\t\t\t\t\t<\/span>\n\t\t\t\t\t\t\t\t\t\t<span class=\"elementor-icon-list-text\">Nuestro bar de playa ofrece durante el d\u00eda bebidas, cocteler\u00eda y snacks para disfrutarlos donde prefieras. <\/span>\n\t\t\t\t\t\t\t\t\t<\/li>\n\t\t\t\t\t\t\t\t<li class=\"elementor-icon-list-item\">\n\t\t\t\t\t\t\t\t\t\t\t<span class=\"elementor-icon-list-icon\">\n\t\t\t\t\t\t\t<i aria-hidden=\"true\" class=\"fas fa-coffee\"><\/i>\t\t\t\t\t\t<\/span>\n\t\t\t\t\t\t\t\t\t\t<span class=\"elementor-icon-list-text\">Tambi\u00e9n te esperamos con cafeter\u00eda variada, ricas tortas y completos desayunos \u00f3 meriendas.<\/span>\n\t\t\t\t\t\t\t\t\t<\/li>\n\t\t\t\t\t\t\t\t<li class=\"elementor-icon-list-item\">\n\t\t\t\t\t\t\t\t\t\t\t<span class=\"elementor-icon-list-icon\">\n\t\t\t\t\t\t\t<i aria-hidden=\"true\" class=\"far fa-moon\"><\/i>\t\t\t\t\t\t<\/span>\n\t\t\t\t\t\t\t\t\t\t<span class=\"elementor-icon-list-text\">Para una cena especial frente al mar desarrollamos un men\u00fa diferente y variado que disfrutar\u00e1 en un ambiente c\u00e1lido y distendido.<\/span>\n\t\t\t\t\t\t\t\t\t<\/li>\n\t\t\t\t\t\t<\/ul>\n\t\t\t\t<\/div>\n\t\t\t\t<\/div>\n\t\t\t\t\t\t<\/div>\n\t\t\t\t\t<\/div>\n\t\t<\/div>\n\t\t\t\t\t\t\t\t<\/div>\n\t\t\t\t\t<\/div>\n\t\t<\/section>\n\t\t\t\t\t\t\t\t\t<\/div>\n\t\t\t<\/div>\n\t\t\t\t\t<\/div>\n\t\t","protected":false},"excerpt":{"rendered":"<p>Actividades Recreativas Playroom Cancha de beach voley, Gimnasia en la playa Actividades deportivas y recreativas para la familia Clases de yoga y meditacion Talleres de arte Actividades para dias de lluvia Biblioteca Nuestros servicios \/ Actividades Telefono +54 9 2246-438139 Platos Gourmet I am text block. Click edit button to change this text.\u00a0 Platos Gourmet [&hellip;]<\/p>\n","protected":false},"author":1,"featured_media":0,"parent":0,"menu_order":0,"comment_status":"closed","ping_status":"closed","template":"","meta":{"_uag_custom_page_level_css":"","footnotes":""},"class_list":["post-766","page","type-page","status-publish","hentry","entry"],"uagb_featured_image_src":{"full":false,"thumbnail":false,"medium":false,"medium_large":false,"large":false,"1536x1536":false,"2048x2048":false,"ocean-thumb-m":false,"ocean-thumb-ml":false,"ocean-thumb-l":false},"uagb_author_info":{"display_name":"info@recorrido360.com.ar","author_link":"https:\/\/zhenclubdeplaya.com.ar\/?author=1"},"uagb_comment_info":0,"uagb_excerpt":"Actividades Recreativas Playroom Cancha de beach voley, Gimnasia en la playa Actividades deportivas y recreativas para la familia Clases de yoga y meditacion Talleres de arte Actividades para dias de lluvia Biblioteca Nuestros servicios \/ Actividades Telefono +54 9 2246-438139 Platos Gourmet I am text block. Click edit button to change this text.\u00a0 Platos Gourmet&hellip;","_links":{"self":[{"href":"https:\/\/zhenclubdeplaya.com.ar\/index.php?rest_route=\/wp\/v2\/pages\/766","targetHints":{"allow":["GET"]}}],"collection":[{"href":"https:\/\/zhenclubdeplaya.com.ar\/index.php?rest_route=\/wp\/v2\/pages"}],"about":[{"href":"https:\/\/zhenclubdeplaya.com.ar\/index.php?rest_route=\/wp\/v2\/types\/page"}],"author":[{"embeddable":true,"href":"https:\/\/zhenclubdeplaya.com.ar\/index.php?rest_route=\/wp\/v2\/users\/1"}],"replies":[{"embeddable":true,"href":"https:\/\/zhenclubdeplaya.com.ar\/index.php?rest_route=%2Fwp%2Fv2%2Fcomments&post=766"}],"version-history":[{"count":83,"href":"https:\/\/zhenclubdeplaya.com.ar\/index.php?rest_route=\/wp\/v2\/pages\/766\/revisions"}],"predecessor-version":[{"id":3677,"href":"https:\/\/zhenclubdeplaya.com.ar\/index.php?rest_route=\/wp\/v2\/pages\/766\/revisions\/3677"}],"wp:attachment":[{"href":"https:\/\/zhenclubdeplaya.com.ar\/index.php?rest_route=%2Fwp%2Fv2%2Fmedia&parent=766"}],"curies":[{"name":"wp","href":"https:\/\/api.w.org\/{rel}","templated":true}]}}